{"id":28,"date":"2016-11-13T08:25:52","date_gmt":"2016-11-13T08:25:52","guid":{"rendered":"http:\/\/pm3ge.com\/?page_id=28"},"modified":"2022-01-30T10:27:45","modified_gmt":"2022-01-30T08:27:45","slug":"projects","status":"publish","type":"page","link":"https:\/\/pm3ge.com\/?page_id=28","title":{"rendered":"Projects"},"content":{"rendered":"<p>Here you will see the projects that pm3ge.com organized, and is planning to build in the near future:<\/p>\n<p><img loading=\"lazy\" decoding=\"async\" class=\"alignnone size-medium wp-image-51\" src=\"http:\/\/pm3ge.com\/wp-content\/uploads\/2016\/11\/event_diamuer2007_tzompantli_web-300x199.gif\" alt=\"event_diamuer2007_tzompantli_web\" width=\"300\" height=\"199\" \/><\/p>\n<p>2022: covid still causes disruptions, but a flexible and hybrid guitar program contributes to the continuity of the Trinity training and guitar ensemble workshop.<\/p>\n<p>2020-2021: due to covid new forms of guitar ensemble playing have been developed and presented in video productions. Music defenitely enriched lock-down life considerably. The Little Prince Suite was one of the projects that boosted moral, with its reading preparations and educational content.<\/p>\n<p>2017: hommage to \u0160t\u011bp\u00e1n Rak educational event.<\/p>\n<p>2016: Parkpop, with the participation of the Guitar@Work pupils guitar ensemble.<\/p>\n<p>2013-2016: Cold case, two VOC-ships lost in front of the Mexican Pacific coast? Travelling performance based on archives research and music from the 18th century.<\/p>\n<p>2012: Music from the Far and Near, an educational music event organized by the Mexican Embassy and pm3ge.com.<\/p>\n<p>2008: Llorona event in the Mexican Embassy, with the participation of The Shakerboys coctail bar.<\/p>\n<p>2008: C2C cultural event, organized by the Mexican Embassy, pm3ge.com, Hans Jansen Maneschijn and Noordkaap. With works of Faustino Pe\u00f1aloza, Jeff Blanco, Ariadna de la Garza, and others.<\/p>\n<p>2007: Dia de los Muertos in the Mexican Embassy, with among others work of Faustino Pe\u00f1aloza (Tzompantli)<\/p>\n<p>2007: D\u00eda de mexicanistas XIII, organized by the Rijksuniversiteit Groningen, the Mexican Embassy and pm3ge.com. <em>Bridges of Identity<\/em>, an architectural theme.<\/p>\n","protected":false},"excerpt":{"rendered":"<p>Here you will see the projects that pm3ge.com organized, and is planning to build in the near future: 2022: covid still causes disruptions, but a flexible and hybrid guitar program contributes to the continuity of the Trinity training and guitar ensemble workshop. 2020-2021: due to covid new forms of guitar ensemble playing have been developed &hellip; <a href=\"https:\/\/pm3ge.com\/?page_id=28\" class=\"more-link\">Continue reading <span class=\"screen-reader-text\">Projects<\/span> <span class=\"meta-nav\">&rarr;<\/span><\/a><\/p>\n","protected":false},"author":1,"featured_media":0,"parent":0,"menu_order":0,"comment_status":"closed","ping_status":"closed","template":"","meta":{"footnotes":""},"_links":{"self":[{"href":"https:\/\/pm3ge.com\/index.php?rest_route=\/wp\/v2\/pages\/28"}],"collection":[{"href":"https:\/\/pm3ge.com\/index.php?rest_route=\/wp\/v2\/pages"}],"about":[{"href":"https:\/\/pm3ge.com\/index.php?rest_route=\/wp\/v2\/types\/page"}],"author":[{"embeddable":true,"href":"https:\/\/pm3ge.com\/index.php?rest_route=\/wp\/v2\/users\/1"}],"replies":[{"embeddable":true,"href":"https:\/\/pm3ge.com\/index.php?rest_route=%2Fwp%2Fv2%2Fcomments&post=28"}],"version-history":[{"count":4,"href":"https:\/\/pm3ge.com\/index.php?rest_route=\/wp\/v2\/pages\/28\/revisions"}],"predecessor-version":[{"id":108,"href":"https:\/\/pm3ge.com\/index.php?rest_route=\/wp\/v2\/pages\/28\/revisions\/108"}],"wp:attachment":[{"href":"https:\/\/pm3ge.com\/index.php?rest_route=%2Fwp%2Fv2%2Fmedia&parent=28"}],"curies":[{"name":"wp","href":"https:\/\/api.w.org\/{rel}","templated":true}]}}